{"id":6922,"date":"2023-11-19T10:39:22","date_gmt":"2023-11-19T10:39:22","guid":{"rendered":"http:\/\/demo.wpzoom.com\/inspiro-lite-blocks-xml\/?page_id=6922"},"modified":"2025-03-14T14:11:45","modified_gmt":"2025-03-14T13:11:45","slug":"homepage","status":"publish","type":"page","link":"https:\/\/www.baumwollputz.net\/","title":{"rendered":"Homepage"},"content":{"rendered":"\n<div class=\"wp-block-cover alignfull is-light wp-duotone-333-rgb184184184-2\" style=\"min-height:100vh;aspect-ratio:unset;\"><span aria-hidden=\"true\" class=\"wp-block-cover__background has-background-dim-30 has-background-dim\" style=\"background-color:#FFF\"><\/span><img loading=\"lazy\" decoding=\"async\" width=\"1792\" height=\"1024\" class=\"wp-block-cover__image-background wp-image-6949\" alt=\"\" src=\"http:\/\/www.baumwollputz.net\/wp-content\/uploads\/2025\/02\/DALL\u00b7E-2025-02-28-20.52.09-A-modern-living-room-with-a-dining-area-featuring-a-cotton-plant-arrangement-in-a-stylish-vase-on-the-table.-The-room-is-elegant-and-inviting-with-a.webp\" data-object-fit=\"cover\" srcset=\"https:\/\/www.baumwollputz.net\/wp-content\/uploads\/2025\/02\/DALL\u00b7E-2025-02-28-20.52.09-A-modern-living-room-with-a-dining-area-featuring-a-cotton-plant-arrangement-in-a-stylish-vase-on-the-table.-The-room-is-elegant-and-inviting-with-a.webp 1792w, https:\/\/www.baumwollputz.net\/wp-content\/uploads\/2025\/02\/DALL\u00b7E-2025-02-28-20.52.09-A-modern-living-room-with-a-dining-area-featuring-a-cotton-plant-arrangement-in-a-stylish-vase-on-the-table.-The-room-is-elegant-and-inviting-with-a-300x171.webp 300w, https:\/\/www.baumwollputz.net\/wp-content\/uploads\/2025\/02\/DALL\u00b7E-2025-02-28-20.52.09-A-modern-living-room-with-a-dining-area-featuring-a-cotton-plant-arrangement-in-a-stylish-vase-on-the-table.-The-room-is-elegant-and-inviting-with-a-1024x585.webp 1024w\" sizes=\"auto, (max-width: 1792px) 100vw, 1792px\" \/><div class=\"wp-block-cover__inner-container has-global-padding is-layout-constrained wp-block-cover-is-layout-constrained\">\n<h1 class=\"wp-block-heading has-text-align-center has-white-color has-text-color has-max-72-font-size\"><strong>Baumwollputz.Net<\/strong><\/h1>\n\n\n\n<hr class=\"wp-block-separator has-text-color has-alpha-channel-opacity has-background is-style-default\" style=\"margin-top:var(--wp--preset--spacing--x-small);margin-bottom:var(--wp--preset--spacing--x-small);background-color:#ffffff47;color:#ffffff47\"\/>\n\n\n\n<p class=\"has-text-align-center has-white-color has-text-color has-medium-font-size\">Wir \u00fcberarbeiten derzeit unsere Website. Bei Fragen kontaktieren Sie uns gerne.<\/p>\n\n\n\n<div class=\"wp-block-buttons is-content-justification-center is-layout-flex wp-container-core-buttons-is-layout-a89b3969 wp-block-buttons-is-layout-flex\">\n<div class=\"wp-block-button is-style-outline is-style-outline--1\" style=\"font-style:normal;font-weight:600\"><a class=\"wp-block-button__link has-white-color has-text-color wp-element-button\" href=\"mailto:info@baumwollputz.net\" style=\"border-radius:0px\">E-Mail schreiben<\/a><\/div>\n<\/div>\n<\/div><\/div>\n\n\n\n<div class=\"wp-block-group has-global-padding is-layout-constrained wp-container-core-group-is-layout-3a820303 wp-block-group-is-layout-constrained\" style=\"padding-right:var(--wp--preset--spacing--small);padding-left:var(--wp--preset--spacing--small)\">\n<div style=\"height:36px\" aria-hidden=\"true\" class=\"wp-block-spacer\"><\/div>\n\n\n\n<h2 class=\"wp-block-heading has-text-align-center has-medium-font-size\" style=\"letter-spacing:1px\">Lassen Sie sich inspirieren! <\/h2>\n\n\n\n<p class=\"has-text-align-center\">Entdecken Sie die unendlichen M\u00f6glichkeiten von Baumwollputz. Ob rustikal, modern oder elegant \u2013 mit unserer gro\u00dfen Auswahl an Farben und Strukturen finden Sie garantiert den perfekten Putz f\u00fcr Ihre R\u00e4ume. Gestalten Sie Ihre W\u00e4nde ganz nach Ihrem pers\u00f6nlichen Geschmack und setzen Sie individuelle Akzente.<\/p>\n\n\n\n<p class=\"has-text-align-center\"><strong>Schreiben Sie uns und fordern Sie Ihren pers\u00f6nlichen Musterkatalog an. Wir freuen uns auf Ihre Nachricht!<\/strong><\/p>\n\n\n\n<div class=\"wp-block-buttons is-horizontal is-content-justification-center is-layout-flex wp-container-core-buttons-is-layout-03627597 wp-block-buttons-is-layout-flex\">\n<div class=\"wp-block-button has-custom-font-size is-style-outline has-small-font-size is-style-outline--3\" style=\"font-style:normal;font-weight:600\"><a class=\"wp-block-button__link wp-element-button\" href=\"mailto:info@baumwollputz.net\" style=\"border-radius:0px\">Musterkatalog<\/a><\/div>\n<\/div>\n\n\n\n<div style=\"height:57px\" aria-hidden=\"true\" class=\"wp-block-spacer\"><\/div>\n<\/div>\n\n\n\n<div class=\"wp-block-group alignfull pattern_multiple_covers has-background has-global-padding is-layout-constrained wp-block-group-is-layout-constrained\" id=\"services\" style=\"background-color:#f8f8f8\">\n<div style=\"height:84px\" aria-hidden=\"true\" class=\"wp-block-spacer\"><\/div>\n\n\n\n<p class=\"has-text-align-left has-secondary-color has-text-color\" style=\"letter-spacing:1px\">F\u00dcR EIN BESSERES WOHNGEF\u00dcHL!<\/p>\n\n\n\n<h2 class=\"wp-block-heading has-text-align-left\">Was ist Baumwollputz?<\/h2>\n\n\n\n<p class=\"has-text-align-left\">Baumwollputz ist mehr als nur eine Wandgestaltung. Er ist ein Naturprodukt, das durch seine Vielseitigkeit, Langlebigkeit und seine positiven Eigenschaften f\u00fcr ein gesundes und behagliches Wohnumfeld sorgt. Ob in Wohnr\u00e4umen, B\u00fcros oder \u00f6ffentlichen Geb\u00e4uden \u2013 Baumwollputz setzt neue Ma\u00dfst\u00e4be in der modernen Wandgestaltung.<\/p>\n\n\n\n<div style=\"height:46px\" aria-hidden=\"true\" class=\"wp-block-spacer\"><\/div>\n\n\n\n<div class=\"wp-block-columns is-layout-flex wp-container-core-columns-is-layout-28f84493 wp-block-columns-is-layout-flex\">\n<div class=\"wp-block-column is-layout-flow wp-block-column-is-layout-flow\" style=\"padding-top:0;padding-right:0;padding-bottom:0;padding-left:0\">\n<div class=\"wp-block-cover has-custom-content-position is-position-bottom-left\" style=\"padding-top:var(--wp--preset--spacing--small);padding-right:var(--wp--preset--spacing--x-small);padding-bottom:var(--wp--preset--spacing--small);padding-left:var(--wp--preset--spacing--x-small)\"><span aria-hidden=\"true\" class=\"wp-block-cover__background has-primary-background-color has-background-dim-70 has-background-dim\"><\/span><img loading=\"lazy\" decoding=\"async\" width=\"1792\" height=\"1024\" class=\"wp-block-cover__image-background wp-image-6947\" alt=\"\" src=\"http:\/\/www.baumwollputz.net\/wp-content\/uploads\/2025\/02\/DALL\u00b7E-2025-02-28-16.20.31-A-cozy-and-modern-interior-of-a-new-house-featuring-a-beautiful-cotton-plaster-wall.-The-texture-of-the-cotton-plaster-is-soft-and-warm-with-subtle-n.webp\" data-object-fit=\"cover\" srcset=\"https:\/\/www.baumwollputz.net\/wp-content\/uploads\/2025\/02\/DALL\u00b7E-2025-02-28-16.20.31-A-cozy-and-modern-interior-of-a-new-house-featuring-a-beautiful-cotton-plaster-wall.-The-texture-of-the-cotton-plaster-is-soft-and-warm-with-subtle-n.webp 1792w, https:\/\/www.baumwollputz.net\/wp-content\/uploads\/2025\/02\/DALL\u00b7E-2025-02-28-16.20.31-A-cozy-and-modern-interior-of-a-new-house-featuring-a-beautiful-cotton-plaster-wall.-The-texture-of-the-cotton-plaster-is-soft-and-warm-with-subtle-n-300x171.webp 300w, https:\/\/www.baumwollputz.net\/wp-content\/uploads\/2025\/02\/DALL\u00b7E-2025-02-28-16.20.31-A-cozy-and-modern-interior-of-a-new-house-featuring-a-beautiful-cotton-plaster-wall.-The-texture-of-the-cotton-plaster-is-soft-and-warm-with-subtle-n-1024x585.webp 1024w\" sizes=\"auto, (max-width: 1792px) 100vw, 1792px\" \/><div class=\"wp-block-cover__inner-container is-layout-flow wp-block-cover-is-layout-flow\">\n<h3 class=\"wp-block-heading has-white-color has-text-color has-medium-font-size\" style=\"margin-top:0;margin-right:0;margin-bottom:0;margin-left:0\">Vorteile<\/h3>\n\n\n\n<p class=\"has-secondary-color has-text-color has-link-color wp-elements-1bc9e01d7b866197cae71b9b8e92ba91\" style=\"margin-top:0;margin-right:0;margin-bottom:0;margin-left:0\"><a href=\"#\">Bald hier mehr \u2192<\/a><\/p>\n<\/div><\/div>\n<\/div>\n\n\n\n<div class=\"wp-block-column is-layout-flow wp-block-column-is-layout-flow\" style=\"padding-top:0;padding-right:0;padding-bottom:0;padding-left:0\">\n<div class=\"wp-block-cover has-custom-content-position is-position-bottom-left\" style=\"padding-top:var(--wp--preset--spacing--small);padding-right:var(--wp--preset--spacing--x-small);padding-bottom:var(--wp--preset--spacing--small);padding-left:var(--wp--preset--spacing--x-small)\"><span aria-hidden=\"true\" class=\"wp-block-cover__background has-primary-background-color has-background-dim-70 has-background-dim\"><\/span><img loading=\"lazy\" decoding=\"async\" width=\"394\" height=\"394\" class=\"wp-block-cover__image-background wp-image-6953\" alt=\"\" src=\"http:\/\/www.baumwollputz.net\/wp-content\/uploads\/2025\/02\/Baumwollputz_1011.png\" data-object-fit=\"cover\" srcset=\"https:\/\/www.baumwollputz.net\/wp-content\/uploads\/2025\/02\/Baumwollputz_1011.png 394w, https:\/\/www.baumwollputz.net\/wp-content\/uploads\/2025\/02\/Baumwollputz_1011-300x300.png 300w, https:\/\/www.baumwollputz.net\/wp-content\/uploads\/2025\/02\/Baumwollputz_1011-150x150.png 150w\" sizes=\"auto, (max-width: 394px) 100vw, 394px\" \/><div class=\"wp-block-cover__inner-container is-layout-flow wp-block-cover-is-layout-flow\">\n<h3 class=\"wp-block-heading has-white-color has-text-color has-medium-font-size\" style=\"margin-top:0;margin-right:0;margin-bottom:0;margin-left:0\">Verarbeitung<\/h3>\n\n\n\n<p class=\"has-secondary-color has-text-color has-link-color wp-elements-07b92c656b7df5639a93ed40fbf294ec\" style=\"margin-top:0;margin-right:0;margin-bottom:0;margin-left:0\"><a href=\"#\"><\/a><a href=\"#\">Bald hier mehr \u2192<\/a><\/p>\n<\/div><\/div>\n<\/div>\n\n\n\n<div class=\"wp-block-column is-layout-flow wp-block-column-is-layout-flow\" style=\"padding-top:0;padding-right:0;padding-bottom:0;padding-left:0\">\n<div class=\"wp-block-cover has-custom-content-position is-position-bottom-left\" style=\"padding-top:var(--wp--preset--spacing--small);padding-right:var(--wp--preset--spacing--x-small);padding-bottom:var(--wp--preset--spacing--small);padding-left:var(--wp--preset--spacing--x-small)\"><span aria-hidden=\"true\" class=\"wp-block-cover__background has-primary-background-color has-background-dim-70 has-background-dim\"><\/span><img loading=\"lazy\" decoding=\"async\" width=\"1792\" height=\"1024\" class=\"wp-block-cover__image-background wp-image-6954\" alt=\"\" src=\"http:\/\/www.baumwollputz.net\/wp-content\/uploads\/2025\/02\/DALL\u00b7E-2025-02-28-21.09.31-A-modern-bathroom-featuring-a-cotton-plaster-application-process.-The-bathroom-has-a-sleek-contemporary-design-with-a-luxurious-feel-including-a-wal.webp\" data-object-fit=\"cover\" srcset=\"https:\/\/www.baumwollputz.net\/wp-content\/uploads\/2025\/02\/DALL\u00b7E-2025-02-28-21.09.31-A-modern-bathroom-featuring-a-cotton-plaster-application-process.-The-bathroom-has-a-sleek-contemporary-design-with-a-luxurious-feel-including-a-wal.webp 1792w, https:\/\/www.baumwollputz.net\/wp-content\/uploads\/2025\/02\/DALL\u00b7E-2025-02-28-21.09.31-A-modern-bathroom-featuring-a-cotton-plaster-application-process.-The-bathroom-has-a-sleek-contemporary-design-with-a-luxurious-feel-including-a-wal-300x171.webp 300w, https:\/\/www.baumwollputz.net\/wp-content\/uploads\/2025\/02\/DALL\u00b7E-2025-02-28-21.09.31-A-modern-bathroom-featuring-a-cotton-plaster-application-process.-The-bathroom-has-a-sleek-contemporary-design-with-a-luxurious-feel-including-a-wal-1024x585.webp 1024w\" sizes=\"auto, (max-width: 1792px) 100vw, 1792px\" \/><div class=\"wp-block-cover__inner-container is-layout-flow wp-block-cover-is-layout-flow\">\n<h3 class=\"wp-block-heading has-white-color has-text-color has-medium-font-size\" style=\"margin-top:0;margin-right:0;margin-bottom:0;margin-left:0\">Zubeh\u00f6r<\/h3>\n\n\n\n<p class=\"has-secondary-color has-text-color has-link-color wp-elements-07b92c656b7df5639a93ed40fbf294ec\" style=\"margin-top:0;margin-right:0;margin-bottom:0;margin-left:0\"><a href=\"#\"><\/a><a href=\"#\">Bald hier mehr \u2192<\/a><\/p>\n<\/div><\/div>\n<\/div>\n<\/div>\n\n\n\n<div style=\"height:103px\" aria-hidden=\"true\" class=\"wp-block-spacer\"><\/div>\n<\/div>\n\n\n\n<div class=\"wp-block-group alignfull has-global-padding is-layout-constrained wp-block-group-is-layout-constrained\">\n<div class=\"wp-block-group has-global-padding is-layout-constrained wp-block-group-is-layout-constrained\" style=\"padding-top:var(--wp--preset--spacing--small);padding-bottom:var(--wp--preset--spacing--small)\">\n<div style=\"height:30px\" aria-hidden=\"true\" class=\"wp-block-spacer\"><\/div>\n\n\n\n<div class=\"wp-block-columns is-layout-flex wp-container-core-columns-is-layout-c375d253 wp-block-columns-is-layout-flex\">\n<div class=\"wp-block-column is-vertically-aligned-center is-layout-flow wp-block-column-is-layout-flow\">\n<h2 class=\"wp-block-heading has-medium-font-size\" style=\"text-transform:uppercase\">EINSATZM\u00d6GLICHKEITEN VON BAUMWOLLPUTZ<\/h2>\n\n\n\n<p>Ob Sie Ihre eigenen vier W\u00e4nde versch\u00f6nern oder ein Gesch\u00e4ftslokal gestalten m\u00f6chten \u2013 Baumwollputz bietet Ihnen unz\u00e4hlige M\u00f6glichkeiten. In <strong>Wohnh\u00e4usern, Hotels, Kinos, Bars, Banken, Gastst\u00e4tten und B\u00fcrogeb\u00e4uden<\/strong> findet er seinen Einsatz und \u00fcberzeugt durch seine einzigartige Optik und Funktionalit\u00e4t.<\/p>\n\n\n\n<div class=\"wp-block-buttons is-horizontal is-content-justification-left is-layout-flex wp-container-core-buttons-is-layout-20be11b6 wp-block-buttons-is-layout-flex\">\n<div class=\"wp-block-button is-style-outline is-style-outline--4\" style=\"font-style:normal;font-weight:600\"><a class=\"wp-block-button__link wp-element-button\" href=\"mailto:info@baumwollputz.net\" style=\"border-radius:0px\">Ihre Fragen an uns<\/a><\/div>\n<\/div>\n\n\n\n<p><\/p>\n<\/div>\n\n\n\n<div class=\"wp-block-column is-layout-flow wp-block-column-is-layout-flow\">\n<figure class=\"wp-block-image size-full\"><img loading=\"lazy\" decoding=\"async\" width=\"672\" height=\"384\" src=\"http:\/\/www.baumwollputz.net\/wp-content\/uploads\/2025\/03\/Firefly-modernes-bad-986.jpg\" alt=\"\" class=\"wp-image-7008\" srcset=\"https:\/\/www.baumwollputz.net\/wp-content\/uploads\/2025\/03\/Firefly-modernes-bad-986.jpg 672w, https:\/\/www.baumwollputz.net\/wp-content\/uploads\/2025\/03\/Firefly-modernes-bad-986-300x171.jpg 300w\" sizes=\"auto, (max-width: 672px) 100vw, 672px\" \/><\/figure>\n<\/div>\n<\/div>\n\n\n\n<div style=\"height:30px\" aria-hidden=\"true\" class=\"wp-block-spacer\"><\/div>\n<\/div>\n<\/div>\n\n\n\n<div class=\"wp-block-group alignfull portfolio-dark has-black-background-color has-background has-global-padding is-layout-constrained wp-block-group-is-layout-constrained\" id=\"portfolio\" style=\"margin-top:0px\">\n<div style=\"height:83px\" aria-hidden=\"true\" class=\"wp-block-spacer\"><\/div>\n\n\n\n<p class=\"has-text-align-left has-text-color\" style=\"color:#0bb4aa;letter-spacing:1px\">UNENDLICHE GESTALTUNGSM\u00d6GLICHKEITEN<\/p>\n\n\n\n<h2 class=\"wp-block-heading has-text-align-left has-white-color has-text-color has-large-font-size\">Schon bald erhalten Sie hier alle Informationen zu unseren Dekoren.<\/h2>\n\n\n\n<figure class=\"wp-block-gallery has-nested-images columns-default is-cropped wp-block-gallery-5 is-layout-flex wp-block-gallery-is-layout-flex\"><\/figure>\n\n\n\n<div style=\"height:50px\" aria-hidden=\"true\" class=\"wp-block-spacer\"><\/div>\n<\/div>\n\n\n\n<div class=\"wp-block-cover alignfull is-light has-parallax has-custom-content-position is-position-top-left is-position-center-center\" style=\"border-radius:0px\"><span aria-hidden=\"true\" class=\"wp-block-cover__background has-black-background-color has-background-dim-40 has-background-dim\"><\/span><div class=\"wp-block-cover__image-background wp-image-6971 has-parallax\" style=\"background-position:50% 50%;background-image:url(http:\/\/www.baumwollputz.net\/wp-content\/uploads\/2025\/02\/DALL\u00b7E-2025-02-28-21.22.45-A-serene-composition-featuring-a-close-up-of-cotton-plaster-texture-seamlessly-blending-with-natural-elements.-The-image-showcases-a-beautifully-textu.webp)\"><\/div><div class=\"wp-block-cover__inner-container is-layout-flow wp-block-cover-is-layout-flow\">\n<div class=\"wp-block-group has-global-padding is-layout-constrained wp-block-group-is-layout-constrained\">\n<h3 class=\"wp-block-heading has-text-align-center has-text-color has-medium-font-size\" style=\"color:#fffffa;text-transform:uppercase\">Stellen Sie uns ihre Fragen<\/h3>\n\n\n\n<div style=\"height:32px\" aria-hidden=\"true\" class=\"wp-block-spacer\"><\/div>\n\n\n\n<p class=\"has-text-align-center has-white-color has-text-color\"><\/p>\n\n\n\n<div class=\"wp-block-buttons is-horizontal is-content-justification-center is-layout-flex wp-container-core-buttons-is-layout-03627597 wp-block-buttons-is-layout-flex\">\n<div class=\"wp-block-button is-style-outline is-style-outline--6\" style=\"font-style:normal;font-weight:600\"><a class=\"wp-block-button__link has-white-color has-text-color wp-element-button\" href=\"mailto:info@baumwollputz.net\" style=\"border-radius:0px\">E-Mail schreiben<\/a><\/div>\n<\/div>\n<\/div>\n<\/div><\/div>\n\n\n\n<div id=\"news\" class=\"wp-block-group has-global-padding is-layout-constrained wp-container-core-group-is-layout-3a820303 wp-block-group-is-layout-constrained\" style=\"padding-right:var(--wp--preset--spacing--small);padding-left:var(--wp--preset--spacing--small)\">\n<div style=\"height:108px\" aria-hidden=\"true\" class=\"wp-block-spacer\"><\/div>\n\n\n\n<p class=\"has-text-align-left has-secondary-color has-text-color\">Unser BLOG<\/p>\n\n\n\n<h2 class=\"wp-block-heading has-text-align-left\">Aktuelles von uns.<\/h2>\n\n\n\n<div style=\"height:33px\" aria-hidden=\"true\" class=\"wp-block-spacer\"><\/div>\n\n\n\n<div class=\"wp-block-query is-layout-flow wp-block-query-is-layout-flow\"><ul class=\"columns-3 wp-block-post-template is-layout-grid wp-container-core-post-template-is-layout-6aac66c0 wp-block-post-template-is-layout-grid\"><li class=\"wp-block-post post-5984 post type-post status-publish format-standard has-post-thumbnail hentry category-landscapes\">\n<figure style=\"width:100%;height:240px; margin-bottom:var(--wp--preset--spacing--small);\" class=\"wp-block-post-featured-image\"><a href=\"https:\/\/www.baumwollputz.net\/index.php\/2025\/02\/28\/gutenberg-sample-post\/\" target=\"_self\"  style=\"height:240px\"><img loading=\"lazy\" decoding=\"async\" width=\"1800\" height=\"1084\" src=\"https:\/\/www.baumwollputz.net\/wp-content\/uploads\/2016\/02\/william-daigneault-1102186-unsplash.jpg\" class=\"attachment-post-thumbnail size-post-thumbnail wp-post-image\" alt=\"Neuer Webauftritt \u2013 Bald online!\" style=\"border-radius:5px;height:240px;object-fit:cover;\" srcset=\"https:\/\/www.baumwollputz.net\/wp-content\/uploads\/2016\/02\/william-daigneault-1102186-unsplash.jpg 1800w, https:\/\/www.baumwollputz.net\/wp-content\/uploads\/2016\/02\/william-daigneault-1102186-unsplash-300x181.jpg 300w, https:\/\/www.baumwollputz.net\/wp-content\/uploads\/2016\/02\/william-daigneault-1102186-unsplash-1024x617.jpg 1024w, https:\/\/www.baumwollputz.net\/wp-content\/uploads\/2016\/02\/william-daigneault-1102186-unsplash-1536x925.jpg 1536w, https:\/\/www.baumwollputz.net\/wp-content\/uploads\/2016\/02\/william-daigneault-1102186-unsplash-600x361.jpg 600w, https:\/\/www.baumwollputz.net\/wp-content\/uploads\/2016\/02\/william-daigneault-1102186-unsplash-1200x723.jpg 1200w\" sizes=\"auto, 100vw\" \/><\/a><\/figure>\n\n<div style=\"margin-top:var(--wp--preset--spacing--x-small);margin-bottom:0;\" class=\"has-link-color wp-elements-892000e0ac5a11bb894c93c62fe34b06 wp-block-post-date has-text-color has-tertiary-color\"><time datetime=\"2025-02-28T11:48:29+01:00\">28. Februar 2025<\/time><\/div>\n\n<h3 style=\"margin-top:0;margin-bottom:var(--wp--preset--spacing--x-small);\" class=\"has-link-color wp-elements-2e75b4e4fab489cf445e03eda13279d1 wp-block-post-title\"><a href=\"https:\/\/www.baumwollputz.net\/index.php\/2025\/02\/28\/gutenberg-sample-post\/\" target=\"_self\" >Neuer Webauftritt \u2013 Bald online!<\/a><\/h3>\n\n<div class=\"has-link-color wp-elements-61eeeb1d6c31f3761cb8bc35b6e1a095 wp-block-post-excerpt has-text-color has-tertiary-color\"><p class=\"wp-block-post-excerpt__excerpt\">Es ist soweit! Wir freuen uns, Ihnen bald unsere neue Website pr\u00e4sentieren zu d\u00fcrfen. Mit einem frischen Design, verbesserten Funktionen und vielen Informationen rund um unsere hochwertigen Baumwollputz-Dekore wird Ihr Besuch noch inspirierender und komfortabler. Freuen Sie sich&hellip; <\/p><\/div>\n\n<a style=\"font-style:normal;font-weight:500;text-transform:uppercase;letter-spacing:1px; border-width:2px; padding-right:var(--wp--preset--spacing--x-small);padding-left:var(--wp--preset--spacing--x-small);padding-top:10px;padding-bottom:10px;\" class=\"wp-block-read-more has-text-color has-foreground-color has-x-small-font-size\" href=\"https:\/\/www.baumwollputz.net\/index.php\/2025\/02\/28\/gutenberg-sample-post\/\" target=\"_self\">Weiterlesen<span class=\"screen-reader-text\">: Neuer Webauftritt \u2013 Bald online!<\/span><\/a>\n<\/li><\/ul>\n\n<\/div>\n\n\n\n<div style=\"height:85px\" aria-hidden=\"true\" class=\"wp-block-spacer\"><\/div>\n<\/div>\n","protected":false},"excerpt":{"rendered":"<p>Lassen Sie sich inspirieren! Entdecken Sie die unendlichen M\u00f6glichkeiten von Baumwollputz. Ob rustikal, modern oder elegant \u2013 mit unserer gro\u00dfen Auswahl an Farben und Strukturen finden Sie garantiert den perfekten Putz f\u00fcr Ihre R\u00e4ume. Gestalten Sie Ihre W\u00e4nde ganz nach Ihrem pers\u00f6nlichen Geschmack und setzen Sie individuelle Akzente. Schreiben Sie uns und fordern Sie Ihren &hellip; <\/p>\n<p class=\"link-more\"><a href=\"https:\/\/www.baumwollputz.net\/\" class=\"more-link\">Mehr <span class=\"screen-reader-text\">\u00fcber &#8222;Homepage&#8220; <\/span>Lesen<\/a><\/p>\n","protected":false},"author":1,"featured_media":0,"parent":0,"menu_order":0,"comment_status":"closed","ping_status":"closed","template":"page-templates\/homepage-no-hero.php","meta":{"footnotes":""},"class_list":["post-6922","page","type-page","status-publish","hentry"],"featured_media_urls":[],"_links":{"self":[{"href":"https:\/\/www.baumwollputz.net\/index.php\/wp-json\/wp\/v2\/pages\/6922","targetHints":{"allow":["GET"]}}],"collection":[{"href":"https:\/\/www.baumwollputz.net\/index.php\/wp-json\/wp\/v2\/pages"}],"about":[{"href":"https:\/\/www.baumwollputz.net\/index.php\/wp-json\/wp\/v2\/types\/page"}],"author":[{"embeddable":true,"href":"https:\/\/www.baumwollputz.net\/index.php\/wp-json\/wp\/v2\/users\/1"}],"replies":[{"embeddable":true,"href":"https:\/\/www.baumwollputz.net\/index.php\/wp-json\/wp\/v2\/comments?post=6922"}],"version-history":[{"count":17,"href":"https:\/\/www.baumwollputz.net\/index.php\/wp-json\/wp\/v2\/pages\/6922\/revisions"}],"predecessor-version":[{"id":7016,"href":"https:\/\/www.baumwollputz.net\/index.php\/wp-json\/wp\/v2\/pages\/6922\/revisions\/7016"}],"wp:attachment":[{"href":"https:\/\/www.baumwollputz.net\/index.php\/wp-json\/wp\/v2\/media?parent=6922"}],"curies":[{"name":"wp","href":"https:\/\/api.w.org\/{rel}","templated":true}]}}